{"id":3656,"date":"2021-08-06T11:12:16","date_gmt":"2021-08-06T04:12:16","guid":{"rendered":"http:\/\/vinatrans.com\/?page_id=3656"},"modified":"2026-01-24T12:33:43","modified_gmt":"2026-01-24T05:33:43","slug":"bao-cao-quan-tri","status":"publish","type":"page","link":"https:\/\/vinatrans.com\/en\/report-on-corporate-governance\/bao-cao-quan-tri\/","title":{"rendered":"Report on Corporate Governance"},"content":{"rendered":"<p>&nbsp;<\/p>\n<p><a href=\"http:\/\/vinatrans.com\/wp-content\/uploads\/2026\/01\/EN_ReportOnCorporateGovernance_2025_cong_bo_signed-1.pdf\">Report on Corporate Governance for 2025<\/a><\/p>\n<p><img loading=\"lazy\" class=\"alignnone\" src=\"http:\/\/vinatrans.com\/wp-content\/uploads\/2020\/07\/bao-cao-quan-tri.jpg\" alt=\"\" width=\"790\" height=\"383\" \/><\/p>\n<p><a href=\"http:\/\/vinatrans.com\/wp-content\/uploads\/2025\/07\/EN_ReportOnCorporateGovernance_6T2025-cong-bo_signed-.pdf\">Report on Corporate Governance for the first 6 months of 2025<\/a><\/p>\n<figure><a href=\"http:\/\/vinatrans.com\/wp-content\/uploads\/2025\/01\/EN_ReportOnCorporateGovernance_2024-ban-cong-bo.pdf\" data-elementor-open-lightbox=\"\"><img loading=\"lazy\" src=\"http:\/\/vinatrans.com\/wp-content\/uploads\/2020\/07\/bao-cao-quan-tri.jpg\" sizes=\"(max-width: 790px) 100vw, 790px\" srcset=\"https:\/\/vinatrans.com\/wp-content\/uploads\/2020\/07\/bao-cao-quan-tri.jpg 790w, https:\/\/vinatrans.com\/wp-content\/uploads\/2020\/07\/bao-cao-quan-tri-300x145.jpg 300w, https:\/\/vinatrans.com\/wp-content\/uploads\/2020\/07\/bao-cao-quan-tri-768x372.jpg 768w, https:\/\/vinatrans.com\/wp-content\/uploads\/2020\/07\/bao-cao-quan-tri-230x112.jpg 230w, https:\/\/vinatrans.com\/wp-content\/uploads\/2020\/07\/bao-cao-quan-tri-350x170.jpg 350w, https:\/\/vinatrans.com\/wp-content\/uploads\/2020\/07\/bao-cao-quan-tri-480x233.jpg 480w\" alt=\"\" width=\"790\" height=\"383\" \/><\/a><\/figure>\n<figure><a href=\"http:\/\/vinatrans.com\/wp-content\/uploads\/2025\/01\/EN_ReportOnCorporateGovernance_2024-ban-cong-bo.pdf\" data-elementor-open-lightbox=\"\">Report on Corporate Governance 2024.<\/a><\/figure>\n<figure><a href=\"http:\/\/vinatrans.com\/wp-content\/uploads\/2024\/07\/377-BC-VIN-25.7.2024-Bao-cao-tinh-hinh-quan-tri-cong-ty-6TDN-2024-rut-gon-signed-1.pdf\" data-elementor-open-lightbox=\"\"><br \/>\n<img loading=\"lazy\" src=\"http:\/\/vinatrans.com\/wp-content\/uploads\/2020\/07\/bao-cao-quan-tri.jpg\" sizes=\"(max-width: 790px) 100vw, 790px\" srcset=\"https:\/\/vinatrans.com\/wp-content\/uploads\/2020\/07\/bao-cao-quan-tri.jpg 790w, https:\/\/vinatrans.com\/wp-content\/uploads\/2020\/07\/bao-cao-quan-tri-300x145.jpg 300w, https:\/\/vinatrans.com\/wp-content\/uploads\/2020\/07\/bao-cao-quan-tri-768x372.jpg 768w, https:\/\/vinatrans.com\/wp-content\/uploads\/2020\/07\/bao-cao-quan-tri-230x112.jpg 230w, https:\/\/vinatrans.com\/wp-content\/uploads\/2020\/07\/bao-cao-quan-tri-350x170.jpg 350w, https:\/\/vinatrans.com\/wp-content\/uploads\/2020\/07\/bao-cao-quan-tri-480x233.jpg 480w\" alt=\"\" width=\"790\" height=\"383\" \/> <\/a><figcaption>B\u00e1o c\u00e1o t\u00ecnh h\u00ecnh Qu\u1ea3n tr\u1ecb C\u00f4ng ty 6 th\u00e1ng \u0111\u1ea7u n\u0103m 2024 (25\/07\/2024)<\/figcaption><\/figure>\n<figure><a href=\"http:\/\/vinatrans.com\/wp-content\/uploads\/2024\/01\/44-BC-VIN-26.01.2024-Bao-cao-tinh-hinh-quan-tri-cong-ty-nam-2023-rut-gon-signed.pdf\" rel=\"nofollow\" data-elementor-open-lightbox=\"\"><br \/>\n<img loading=\"lazy\" src=\"http:\/\/vinatrans.com\/wp-content\/uploads\/2020\/07\/11.jpg\" sizes=\"(max-width: 600px) 100vw, 600px\" srcset=\"https:\/\/vinatrans.com\/wp-content\/uploads\/2020\/07\/11.jpg 600w, https:\/\/vinatrans.com\/wp-content\/uploads\/2020\/07\/11-300x180.jpg 300w, https:\/\/vinatrans.com\/wp-content\/uploads\/2020\/07\/11-230x138.jpg 230w, https:\/\/vinatrans.com\/wp-content\/uploads\/2020\/07\/11-350x210.jpg 350w, https:\/\/vinatrans.com\/wp-content\/uploads\/2020\/07\/11-480x288.jpg 480w\" alt=\"\" width=\"600\" height=\"360\" \/> <\/a><figcaption>B\u00e1o c\u00e1o t\u00ecnh h\u00ecnh qu\u1ea3n tr\u1ecb c\u00f4ng ty n\u0103m 2023 (26\/01\/2024)<\/figcaption><\/figure>\n<figure><a href=\"http:\/\/vinatrans.com\/wp-content\/uploads\/2023\/07\/413-Bao-cao-tinh-hinh-quan-tri-cong-ty-6TDN-2023-rut-gon-signed.pdf\" target=\"_blank\" rel=\"nofollow noopener\" data-elementor-open-lightbox=\"\"><br \/>\n<img loading=\"lazy\" src=\"http:\/\/vinatrans.com\/wp-content\/uploads\/2020\/07\/7.jpg\" sizes=\"(max-width: 790px) 100vw, 790px\" srcset=\"https:\/\/vinatrans.com\/wp-content\/uploads\/2020\/07\/7.jpg 790w, https:\/\/vinatrans.com\/wp-content\/uploads\/2020\/07\/7-300x145.jpg 300w, https:\/\/vinatrans.com\/wp-content\/uploads\/2020\/07\/7-768x372.jpg 768w, https:\/\/vinatrans.com\/wp-content\/uploads\/2020\/07\/7-230x112.jpg 230w, https:\/\/vinatrans.com\/wp-content\/uploads\/2020\/07\/7-350x170.jpg 350w, https:\/\/vinatrans.com\/wp-content\/uploads\/2020\/07\/7-480x233.jpg 480w\" alt=\"\" width=\"790\" height=\"383\" \/> <\/a><figcaption>B\u00e1o c\u00e1o t\u00ecnh h\u00ecnh qu\u1ea3n tr\u1ecb C\u00f4ng ty 6 th\u00e1ng \u0111\u1ea7u n\u0103m 2023 (26\/7\/2023)<\/figcaption><\/figure>\n<figure><a href=\"http:\/\/vinatrans.com\/wp-content\/uploads\/2023\/01\/32-BC-VIN-Bao-cao-tinh-hinh-quan-tri-Cong-ty-nam-2022-rut-gon-Signed.pdf\" rel=\"nofollow\" data-elementor-open-lightbox=\"\"><br \/>\n<img loading=\"lazy\" src=\"http:\/\/vinatrans.com\/wp-content\/uploads\/2020\/07\/1.jpg\" sizes=\"(max-width: 600px) 100vw, 600px\" srcset=\"https:\/\/vinatrans.com\/wp-content\/uploads\/2020\/07\/1.jpg 600w, https:\/\/vinatrans.com\/wp-content\/uploads\/2020\/07\/1-300x180.jpg 300w, https:\/\/vinatrans.com\/wp-content\/uploads\/2020\/07\/1-230x138.jpg 230w, https:\/\/vinatrans.com\/wp-content\/uploads\/2020\/07\/1-350x210.jpg 350w, https:\/\/vinatrans.com\/wp-content\/uploads\/2020\/07\/1-480x288.jpg 480w\" alt=\"\" width=\"600\" height=\"360\" \/> <\/a><figcaption>B\u00e1o c\u00e1o t\u00ecnh h\u00ecnh qu\u1ea3n tr\u1ecb C\u00f4ng ty n\u0103m 2022 (19\/1\/2023)<\/figcaption><\/figure>\n<figure><a href=\"http:\/\/vinatrans.com\/wp-content\/uploads\/2022\/07\/327-BC-VIN-ngay-26.7.2022-Bao-cao-tinh-hinh-quan-tri-Cty-6TDN-2022-rut-gon-signed.pdf\" target=\"_blank\" rel=\"nofollow noopener\" data-elementor-open-lightbox=\"\"><br \/>\n<img loading=\"lazy\" src=\"http:\/\/vinatrans.com\/wp-content\/uploads\/2020\/07\/4.jpg\" sizes=\"(max-width: 790px) 100vw, 790px\" srcset=\"https:\/\/vinatrans.com\/wp-content\/uploads\/2020\/07\/4.jpg 790w, https:\/\/vinatrans.com\/wp-content\/uploads\/2020\/07\/4-300x145.jpg 300w, https:\/\/vinatrans.com\/wp-content\/uploads\/2020\/07\/4-768x372.jpg 768w, https:\/\/vinatrans.com\/wp-content\/uploads\/2020\/07\/4-230x112.jpg 230w, https:\/\/vinatrans.com\/wp-content\/uploads\/2020\/07\/4-350x170.jpg 350w, https:\/\/vinatrans.com\/wp-content\/uploads\/2020\/07\/4-480x233.jpg 480w\" alt=\"\" width=\"790\" height=\"383\" \/> <\/a><figcaption>B\u00e1o c\u00e1o t\u00ecnh h\u00ecnh qu\u1ea3n tr\u1ecb C\u00f4ng ty 6 th\u00e1ng \u0111\u1ea7u n\u0103m 2022 (26\/7\/2022)<\/figcaption><\/figure>\n<figure><a href=\"http:\/\/vinatrans.com\/wp-content\/uploads\/2022\/01\/BAO-CAO-TINH-HINH-QUAN-TRI-CONG-TY-NAM-2021-rut-gon-SIGNED.pdf\" rel=\"nofollow\" data-elementor-open-lightbox=\"\"><br \/>\n<img loading=\"lazy\" src=\"http:\/\/vinatrans.com\/wp-content\/uploads\/2020\/07\/11.jpg\" sizes=\"(max-width: 600px) 100vw, 600px\" srcset=\"https:\/\/vinatrans.com\/wp-content\/uploads\/2020\/07\/11.jpg 600w, https:\/\/vinatrans.com\/wp-content\/uploads\/2020\/07\/11-300x180.jpg 300w, https:\/\/vinatrans.com\/wp-content\/uploads\/2020\/07\/11-230x138.jpg 230w, https:\/\/vinatrans.com\/wp-content\/uploads\/2020\/07\/11-350x210.jpg 350w, https:\/\/vinatrans.com\/wp-content\/uploads\/2020\/07\/11-480x288.jpg 480w\" alt=\"\" width=\"600\" height=\"360\" \/> <\/a><figcaption>B\u00e1o c\u00e1o t\u00ecnh h\u00ecnh Qu\u1ea3n Tr\u1ecb C\u00f4ng ty n\u0103m 2021 &#8211; r\u00fat g\u1ecdn (27\/01\/2022)<\/figcaption><\/figure>\n<figure><a href=\"http:\/\/vinatrans.com\/wp-content\/uploads\/2021\/08\/CBTT-BAO-CAO-TINH-HINH-QUAN-TRI-CONG-TY-Ban-nien.pdf\" rel=\"nofollow\" data-elementor-open-lightbox=\"\"><br \/>\n<img loading=\"lazy\" src=\"http:\/\/vinatrans.com\/wp-content\/uploads\/2020\/07\/11.jpg\" sizes=\"(max-width: 600px) 100vw, 600px\" srcset=\"https:\/\/vinatrans.com\/wp-content\/uploads\/2020\/07\/11.jpg 600w, https:\/\/vinatrans.com\/wp-content\/uploads\/2020\/07\/11-300x180.jpg 300w, https:\/\/vinatrans.com\/wp-content\/uploads\/2020\/07\/11-230x138.jpg 230w, https:\/\/vinatrans.com\/wp-content\/uploads\/2020\/07\/11-350x210.jpg 350w, https:\/\/vinatrans.com\/wp-content\/uploads\/2020\/07\/11-480x288.jpg 480w\" alt=\"\" width=\"600\" height=\"360\" \/> <\/a><figcaption>B\u00e1o c\u00e1o t\u00ecnh h\u00ecnh qu\u1ea3n tr\u1ecb C\u00f4ng ty \u2013 06 th\u00e1ng \u0111\u1ea7u n\u0103m 2021 (06\/8\/2021)<\/figcaption><\/figure>\n<figure><a href=\"http:\/\/vinatrans.com\/wp-content\/uploads\/2021\/08\/BAO-CAO-QUAN-TRI-2020.compressed.pdf\" rel=\"nofollow\" data-elementor-open-lightbox=\"\"><br \/>\n<img loading=\"lazy\" src=\"http:\/\/vinatrans.com\/wp-content\/uploads\/2020\/07\/1.jpg\" sizes=\"(max-width: 600px) 100vw, 600px\" srcset=\"https:\/\/vinatrans.com\/wp-content\/uploads\/2020\/07\/1.jpg 600w, https:\/\/vinatrans.com\/wp-content\/uploads\/2020\/07\/1-300x180.jpg 300w, https:\/\/vinatrans.com\/wp-content\/uploads\/2020\/07\/1-230x138.jpg 230w, https:\/\/vinatrans.com\/wp-content\/uploads\/2020\/07\/1-350x210.jpg 350w, https:\/\/vinatrans.com\/wp-content\/uploads\/2020\/07\/1-480x288.jpg 480w\" alt=\"\" width=\"600\" height=\"360\" \/> <\/a><figcaption>B\u00e1o c\u00e1o t\u00ecnh h\u00ecnh qu\u1ea3n tr\u1ecb n\u0103m 2020 (29\/01\/2021)<\/figcaption><\/figure>\n<figure><a href=\"http:\/\/vinatrans.com\/wp-content\/uploads\/2021\/08\/BAO-CAO-TINH-HINH-QUAN-TRI-VINATRANS-6-TDN-2016_signed.pdf\" rel=\"nofollow\" data-elementor-open-lightbox=\"\"><br \/>\n<img loading=\"lazy\" src=\"http:\/\/vinatrans.com\/wp-content\/uploads\/2020\/07\/5-1.jpg\" sizes=\"(max-width: 600px) 100vw, 600px\" srcset=\"https:\/\/vinatrans.com\/wp-content\/uploads\/2020\/07\/5-1.jpg 600w, https:\/\/vinatrans.com\/wp-content\/uploads\/2020\/07\/5-1-300x180.jpg 300w, https:\/\/vinatrans.com\/wp-content\/uploads\/2020\/07\/5-1-230x138.jpg 230w, https:\/\/vinatrans.com\/wp-content\/uploads\/2020\/07\/5-1-350x210.jpg 350w, https:\/\/vinatrans.com\/wp-content\/uploads\/2020\/07\/5-1-480x288.jpg 480w\" alt=\"\" width=\"600\" height=\"360\" \/> <\/a><figcaption>B\u00e1o c\u00e1o t\u00ecnh h\u00ecnh qu\u1ea3n tr\u1ecb C\u00f4ng ty \u2013 06 th\u00e1ng \u0111\u1ea7u n\u0103m 2016 (27\/7\/2016)<\/figcaption><\/figure>\n<figure><a href=\"http:\/\/vinatrans.com\/wp-content\/uploads\/2021\/08\/BC-TINH-HINH-QTRI-CTY-6TDN2015_signed.pdf\" rel=\"nofollow\" data-elementor-open-lightbox=\"\"><br \/>\n<img loading=\"lazy\" src=\"http:\/\/vinatrans.com\/wp-content\/uploads\/2020\/07\/4-1.jpg\" sizes=\"(max-width: 600px) 100vw, 600px\" srcset=\"https:\/\/vinatrans.com\/wp-content\/uploads\/2020\/07\/4-1.jpg 600w, https:\/\/vinatrans.com\/wp-content\/uploads\/2020\/07\/4-1-300x180.jpg 300w, https:\/\/vinatrans.com\/wp-content\/uploads\/2020\/07\/4-1-230x138.jpg 230w, https:\/\/vinatrans.com\/wp-content\/uploads\/2020\/07\/4-1-350x210.jpg 350w, https:\/\/vinatrans.com\/wp-content\/uploads\/2020\/07\/4-1-480x288.jpg 480w\" alt=\"\" width=\"600\" height=\"360\" \/> <\/a><figcaption>B\u00e1o c\u00e1o t\u00ecnh h\u00ecnh qu\u1ea3n tr\u1ecb C\u00f4ng ty \u2013 06 th\u00e1ng \u0111\u1ea7u n\u0103m 2015 (27\/7\/2015)<\/figcaption><\/figure>\n<figure><a href=\"http:\/\/vinatrans.com\/wp-content\/uploads\/2021\/08\/BC-TINH-HINH-QUAN-TRI-CTY-2014_signed.pdf\" rel=\"nofollow\" data-elementor-open-lightbox=\"\"><br \/>\n<img loading=\"lazy\" src=\"http:\/\/vinatrans.com\/wp-content\/uploads\/2020\/07\/9.jpg\" sizes=\"(max-width: 600px) 100vw, 600px\" srcset=\"https:\/\/vinatrans.com\/wp-content\/uploads\/2020\/07\/9.jpg 600w, https:\/\/vinatrans.com\/wp-content\/uploads\/2020\/07\/9-300x180.jpg 300w, https:\/\/vinatrans.com\/wp-content\/uploads\/2020\/07\/9-230x138.jpg 230w, https:\/\/vinatrans.com\/wp-content\/uploads\/2020\/07\/9-350x210.jpg 350w, https:\/\/vinatrans.com\/wp-content\/uploads\/2020\/07\/9-480x288.jpg 480w\" alt=\"\" width=\"600\" height=\"360\" \/> <\/a><figcaption>B\u00e1o c\u00e1o t\u00ecnh h\u00ecnh qu\u1ea3n tr\u1ecb n\u0103m 2014 (21\/1\/2015)<\/figcaption><\/figure>\n<figure><a href=\"http:\/\/vinatrans.com\/wp-content\/uploads\/2021\/08\/Bao-Cao-Tinh-Hinh-Quan-Tri-CT-6-TDN-2014_signed.pdf\" rel=\"nofollow\" data-elementor-open-lightbox=\"\"><br \/>\n<img loading=\"lazy\" src=\"http:\/\/vinatrans.com\/wp-content\/uploads\/2020\/07\/5-1.jpg\" sizes=\"(max-width: 600px) 100vw, 600px\" srcset=\"https:\/\/vinatrans.com\/wp-content\/uploads\/2020\/07\/5-1.jpg 600w, https:\/\/vinatrans.com\/wp-content\/uploads\/2020\/07\/5-1-300x180.jpg 300w, https:\/\/vinatrans.com\/wp-content\/uploads\/2020\/07\/5-1-230x138.jpg 230w, https:\/\/vinatrans.com\/wp-content\/uploads\/2020\/07\/5-1-350x210.jpg 350w, https:\/\/vinatrans.com\/wp-content\/uploads\/2020\/07\/5-1-480x288.jpg 480w\" alt=\"\" width=\"600\" height=\"360\" \/> <\/a><figcaption>B\u00e1o c\u00e1o t\u00ecnh h\u00ecnh qu\u1ea3n tr\u1ecb C\u00f4ng ty \u2013 06 th\u00e1ng \u0111\u1ea7u n\u0103m 2014 (28\/7\/2014)<\/figcaption><\/figure>\n<figure><a href=\"http:\/\/vinatrans.com\/wp-content\/uploads\/2021\/08\/BC-TINH-HINH-QUAN-TRI-CTY-2013_signed.pdf\" rel=\"nofollow\" data-elementor-open-lightbox=\"\"><br \/>\n<img loading=\"lazy\" src=\"http:\/\/vinatrans.com\/wp-content\/uploads\/2020\/07\/8.jpg\" sizes=\"(max-width: 600px) 100vw, 600px\" srcset=\"https:\/\/vinatrans.com\/wp-content\/uploads\/2020\/07\/8.jpg 600w, https:\/\/vinatrans.com\/wp-content\/uploads\/2020\/07\/8-300x180.jpg 300w, https:\/\/vinatrans.com\/wp-content\/uploads\/2020\/07\/8-230x138.jpg 230w, https:\/\/vinatrans.com\/wp-content\/uploads\/2020\/07\/8-350x210.jpg 350w, https:\/\/vinatrans.com\/wp-content\/uploads\/2020\/07\/8-480x288.jpg 480w\" alt=\"\" width=\"600\" height=\"360\" \/> <\/a><figcaption>B\u00e1o c\u00e1o t\u00ecnh h\u00ecnh qu\u1ea3n tr\u1ecb c\u00f4ng ty n\u0103m 2013 (14\/01\/2014)<\/figcaption><\/figure>\n<figure><a href=\"http:\/\/vinatrans.com\/wp-content\/uploads\/2021\/08\/BC-Tinh-hinh-quan-tri-cty-6-TDN-2013.pdf\" rel=\"nofollow\" data-elementor-open-lightbox=\"\"><br \/>\n<img loading=\"lazy\" src=\"http:\/\/vinatrans.com\/wp-content\/uploads\/2020\/07\/6-1.jpg\" sizes=\"(max-width: 600px) 100vw, 600px\" srcset=\"https:\/\/vinatrans.com\/wp-content\/uploads\/2020\/07\/6-1.jpg 600w, https:\/\/vinatrans.com\/wp-content\/uploads\/2020\/07\/6-1-300x180.jpg 300w, https:\/\/vinatrans.com\/wp-content\/uploads\/2020\/07\/6-1-230x138.jpg 230w, https:\/\/vinatrans.com\/wp-content\/uploads\/2020\/07\/6-1-350x210.jpg 350w, https:\/\/vinatrans.com\/wp-content\/uploads\/2020\/07\/6-1-480x288.jpg 480w\" alt=\"\" width=\"600\" height=\"360\" \/> <\/a><figcaption>B\u00e1o c\u00e1o t\u00ecnh h\u00ecnh qu\u1ea3n tr\u1ecb C\u00f4ng ty \u2013 06 th\u00e1ng \u0111\u1ea7u n\u0103m 2013 (27\/7\/2013)<\/figcaption><\/figure>\n<p><\/p>","protected":false},"excerpt":{"rendered":"<p>&nbsp; Report on Corporate Governance for 2025 Report on Corporate Governance for the first 6 months of 2025 Report on Corporate Governance 2024. B\u00e1o c\u00e1o t\u00ecnh h\u00ecnh Qu\u1ea3n tr\u1ecb C\u00f4ng ty 6 th\u00e1ng \u0111\u1ea7u n\u0103m 2024 (25\/07\/2024) B\u00e1o c\u00e1o t\u00ecnh h\u00ecnh qu\u1ea3n tr\u1ecb c\u00f4ng ty n\u0103m 2023 (26\/01\/2024) B\u00e1o c\u00e1o t\u00ecnh h\u00ecnh qu\u1ea3n tr\u1ecb C\u00f4ng [&hellip;]<\/p>\n","protected":false},"author":3,"featured_media":0,"parent":5371,"menu_order":0,"comment_status":"closed","ping_status":"closed","template":"","meta":[],"_links":{"self":[{"href":"https:\/\/vinatrans.com\/en\/wp-json\/wp\/v2\/pages\/3656"}],"collection":[{"href":"https:\/\/vinatrans.com\/en\/wp-json\/wp\/v2\/pages"}],"about":[{"href":"https:\/\/vinatrans.com\/en\/wp-json\/wp\/v2\/types\/page"}],"author":[{"embeddable":true,"href":"https:\/\/vinatrans.com\/en\/wp-json\/wp\/v2\/users\/3"}],"replies":[{"embeddable":true,"href":"https:\/\/vinatrans.com\/en\/wp-json\/wp\/v2\/comments?post=3656"}],"version-history":[{"count":67,"href":"https:\/\/vinatrans.com\/en\/wp-json\/wp\/v2\/pages\/3656\/revisions"}],"predecessor-version":[{"id":6376,"href":"https:\/\/vinatrans.com\/en\/wp-json\/wp\/v2\/pages\/3656\/revisions\/6376"}],"up":[{"embeddable":true,"href":"https:\/\/vinatrans.com\/en\/wp-json\/wp\/v2\/pages\/5371"}],"wp:attachment":[{"href":"https:\/\/vinatrans.com\/en\/wp-json\/wp\/v2\/media?parent=3656"}],"curies":[{"name":"wp","href":"https:\/\/api.w.org\/{rel}","templated":true}]}}